{"id":1507,"date":"2022-05-26T11:32:41","date_gmt":"2022-05-26T14:32:41","guid":{"rendered":"http:\/\/box2115.temp.domains\/~retrato2\/?page_id=1507"},"modified":"2022-06-09T14:59:32","modified_gmt":"2022-06-09T17:59:32","slug":"faqs","status":"publish","type":"page","link":"https:\/\/retratosprofesionales.com.ar\/en\/faqs\/","title":{"rendered":"FAQs"},"content":{"rendered":"<p>[et_pb_section fb_built=&#8221;1&#8243; _builder_version=&#8221;4.17.4&#8243; _module_preset=&#8221;default&#8221; custom_padding=&#8221;80px||80px||true|false&#8221; da_disable_devices=&#8221;off|off|off&#8221; global_colors_info=&#8221;{}&#8221; da_is_popup=&#8221;off&#8221; da_exit_intent=&#8221;off&#8221; da_has_close=&#8221;on&#8221; da_alt_close=&#8221;off&#8221; da_dark_close=&#8221;off&#8221; da_not_modal=&#8221;on&#8221; da_is_singular=&#8221;off&#8221; da_with_loader=&#8221;off&#8221; da_has_shadow=&#8221;on&#8221;][et_pb_row _builder_version=&#8221;4.17.4&#8243; _module_preset=&#8221;default&#8221; custom_padding=&#8221;0px|||||&#8221; global_colors_info=&#8221;{}&#8221;][et_pb_column type=&#8221;4_4&#8243; _builder_version=&#8221;4.17.4&#8243; _module_preset=&#8221;default&#8221; global_colors_info=&#8221;{}&#8221;][et_pb_text _builder_version=&#8221;4.17.4&#8243; _module_preset=&#8221;default&#8221; header_text_color=&#8221;#000000&#8243; header_text_shadow_style=&#8221;none&#8221; global_colors_info=&#8221;{}&#8221;]<\/p>\n<h1>Preguntas<\/h1>\n<p>[\/et_pb_text][et_pb_accordion open_toggle_text_color=&#8221;#000000&#8243; open_toggle_background_color=&#8221;RGBA(255,255,255,0)&#8221; closed_toggle_text_color=&#8221;#000000&#8243; closed_toggle_background_color=&#8221;RGBA(255,255,255,0)&#8221; toggle_icon=&#8221;&#x33;||divi||400&#8243; icon_color=&#8221;#000000&#8243; use_icon_font_size=&#8221;on&#8221; icon_font_size=&#8221;48px&#8221; _builder_version=&#8221;4.17.4&#8243; _module_preset=&#8221;default&#8221; toggle_text_color=&#8221;#000000&#8243; toggle_font=&#8221;Helvetica Bold|700||on|||||&#8221; toggle_font_size=&#8221;18px&#8221; closed_toggle_font=&#8221;|||on|||||&#8221; body_font=&#8221;Helvetica Regular||||||||&#8221; body_text_color=&#8221;#000000&#8243; custom_margin=&#8221;0px|0px|0px|0px|false|false&#8221; custom_padding=&#8221;16px|0px|8px|0px|false|false&#8221; hover_enabled=&#8221;0&#8243; custom_css_toggle=&#8221;padding-left: 0px;&#8221; custom_css_open_toggle=&#8221;padding-left: 0px;&#8221; border_width_all=&#8221;0px&#8221; border_width_bottom=&#8221;2px&#8221; border_color_bottom=&#8221;#000000&#8243; global_colors_info=&#8221;{}&#8221; sticky_enabled=&#8221;0&#8243;][et_pb_accordion_item title=&#8221;\u00bfPara qu\u00e9 me sirve un retrato profesional?&#8221; open=&#8221;on&#8221; _builder_version=&#8221;4.17.4&#8243; _module_preset=&#8221;default&#8221; global_colors_info=&#8221;{}&#8221;]<\/p>\n<p>Un retrato profesional es una foto que habla de vos, c\u00f3mo trabaj\u00e1s y c\u00f3mo sos, a trav\u00e9s de tu mirada y gestos.<\/p>\n<p>Es una foto con buena definici\u00f3n y luminosidad, con fondo neutro que se destaca del conjunto de fotos en las redes.<\/p>\n<p>[\/et_pb_accordion_item][et_pb_accordion_item title=&#8221;\u00bfCada cu\u00e1nto hay que actualizar un retrato?&#8221; _builder_version=&#8221;4.17.4&#8243; _module_preset=&#8221;default&#8221; hover_enabled=&#8221;0&#8243; global_colors_info=&#8221;{}&#8221; open=&#8221;off&#8221; sticky_enabled=&#8221;0&#8243;]Actualizar el retrato es parecido a actualizar el relato que tenemos de nosotros mismos. Es por eso que creemos que depende de la historia y el objetivo profesional.[\/et_pb_accordion_item][et_pb_accordion_item title=&#8221;\u00bfQu\u00e9 es un headshot?&#8221; _builder_version=&#8221;4.17.4&#8243; _module_preset=&#8221;default&#8221; hover_enabled=&#8221;0&#8243; global_colors_info=&#8221;{}&#8221; open=&#8221;off&#8221; sticky_enabled=&#8221;0&#8243;]La traducci\u00f3n ser\u00eda \u201cfoto de cara\u201d, un tipo espec\u00edfico de retrato sobre fondo liso que captura una imagen real de la cara de una persona.[\/et_pb_accordion_item][et_pb_accordion_item title=&#8221;\u00bfHacen fotos de cuerpo entero?&#8221; _builder_version=&#8221;4.17.4&#8243; _module_preset=&#8221;default&#8221; hover_enabled=&#8221;0&#8243; global_colors_info=&#8221;{}&#8221; open=&#8221;off&#8221; sticky_enabled=&#8221;0&#8243;]S\u00ed, pero depende del servicio que elijas si lo incluye o no.[\/et_pb_accordion_item][et_pb_accordion_item title=&#8221;\u00bfHacen fotos a domicilio?&#8221; _builder_version=&#8221;4.17.4&#8243; _module_preset=&#8221;default&#8221; hover_enabled=&#8221;0&#8243; global_colors_info=&#8221;{}&#8221; open=&#8221;off&#8221; sticky_enabled=&#8221;0&#8243;]Para los retratos a domicilio, s\u00f3lo es necesario tener una pared blanca y algo de espacio liberado para ubicar el flash. Tambi\u00e9n hacemos fotos en contextos laborales.[\/et_pb_accordion_item][et_pb_accordion_item title=&#8221;\u00bfCu\u00e1nto dura la sesi\u00f3n?&#8221; _builder_version=&#8221;4.17.4&#8243; _module_preset=&#8221;default&#8221; hover_enabled=&#8221;0&#8243; global_colors_info=&#8221;{}&#8221; open=&#8221;off&#8221; sticky_enabled=&#8221;0&#8243;]Depende del servicio, m\u00ednimo 45 minutos y m\u00e1ximo 2 horas[\/et_pb_accordion_item][et_pb_accordion_item title=&#8221;\u00bfC\u00f3mo es el acceso al estudio?&#8221; _builder_version=&#8221;4.17.4&#8243; _module_preset=&#8221;default&#8221; hover_enabled=&#8221;0&#8243; global_colors_info=&#8221;{}&#8221; open=&#8221;off&#8221; sticky_enabled=&#8221;0&#8243;]Estamos en el 4to piso, pero contamos con un ascensor amplio y un piso liso para tener buena movilidad.[\/et_pb_accordion_item][et_pb_accordion_item title=&#8221;\u00bfTienen servicio de maquillaje?&#8221; _builder_version=&#8221;4.17.4&#8243; _module_preset=&#8221;default&#8221; global_colors_info=&#8221;{}&#8221; open=&#8221;off&#8221;]<\/p>\n<p>Siempre sugerimos que el maquillaje tenga que ver con el uso cotidiano del mismo. Si quer\u00e9s contratar un servicio profesional tenemos maquilladoras que siempre recomendamos por su modo natural de maquillar. Pero ten\u00e9s que venir maquillado-a.<\/p>\n<p>[\/et_pb_accordion_item][et_pb_accordion_item title=&#8221;\u00bfQu\u00e9 pasa si no tengo experiencia en posar?&#8221; _builder_version=&#8221;4.17.4&#8243; _module_preset=&#8221;default&#8221; hover_enabled=&#8221;0&#8243; global_colors_info=&#8221;{}&#8221; open=&#8221;off&#8221; sticky_enabled=&#8221;0&#8243;]Somos expertos en retratar personas no expertas en posar: creemos que todos nos merecemos un retrato y ser mirados. Es por eso que tenemos muchos tips que te van a ayudar a que la experiencia sea mucho m\u00e1s f\u00e1cil de lo que te imagin\u00e1s.[\/et_pb_accordion_item][et_pb_accordion_item title=&#8221;\u00bfQu\u00e9 tipo de ropa debo llevar?&#8221; _builder_version=&#8221;4.17.4&#8243; _module_preset=&#8221;default&#8221; hover_enabled=&#8221;0&#8243; global_colors_info=&#8221;{}&#8221; open=&#8221;off&#8221; sticky_enabled=&#8221;0&#8243;]Cada servicio propone una cantidad de cambios. Una vez que confirmamos el retrato te mandamos tips para que prepares tu retrato. Ten\u00e9s que elegir la ropa que m\u00e1s te genere comodidad, no hay reglas fijas sino lo que mejor te represente. Lo m\u00e1s importante es que tu ropa te acompa\u00f1e a comunicar qui\u00e9n sos y c\u00f3mo trabaj\u00e1s.[\/et_pb_accordion_item][et_pb_accordion_item title=&#8221;\u00bfPuedo ir acompa\u00f1ado?&#8221; _builder_version=&#8221;4.17.4&#8243; _module_preset=&#8221;default&#8221; hover_enabled=&#8221;0&#8243; global_colors_info=&#8221;{}&#8221; open=&#8221;off&#8221; sticky_enabled=&#8221;0&#8243;]Sugerimos vivir la experiencia del retrato individualmente a menos que sea un retrato vincular o que la persona sea necesaria en la sesi\u00f3n.[\/et_pb_accordion_item][et_pb_accordion_item title=&#8221;\u00bfQu\u00e9 consideraciones tienen sobre colectivos disidentes?&#8221; _builder_version=&#8221;4.17.4&#8243; _module_preset=&#8221;default&#8221; hover_enabled=&#8221;0&#8243; global_colors_info=&#8221;{}&#8221; open=&#8221;off&#8221; sticky_enabled=&#8221;0&#8243;]Trabajamos con perspectiva interseccional, acompa\u00f1ando a distintas identidades a acceder a una buena experiencia en su retrato.[\/et_pb_accordion_item][et_pb_accordion_item title=&#8221;\u00bfC\u00f3mo es el pago?&#8221; _builder_version=&#8221;4.17.4&#8243; _module_preset=&#8221;default&#8221; hover_enabled=&#8221;0&#8243; global_colors_info=&#8221;{}&#8221; open=&#8221;off&#8221; sticky_enabled=&#8221;0&#8243;]Trabajamos con transferencia o efectivo, tambi\u00e9n podemos generarte un bot\u00f3n de Mercado Pago o Pay Pal.[\/et_pb_accordion_item][et_pb_accordion_item title=&#8221;\u00bfRetocan las fotos?&#8221; _builder_version=&#8221;4.17.4&#8243; _module_preset=&#8221;default&#8221; hover_enabled=&#8221;0&#8243; global_colors_info=&#8221;{}&#8221; open=&#8221;off&#8221; sticky_enabled=&#8221;0&#8243;]No hacemos retoque est\u00e9tico, s\u00f3lo sacamos alg\u00fan granito o pelo. La idea es que la foto sea lo m\u00e1s parecida a lo que sos vos en la vida real.[\/et_pb_accordion_item][et_pb_accordion_item title=&#8221;\u00bfHacen fotos de staff?&#8221; _builder_version=&#8221;4.17.4&#8243; _module_preset=&#8221;default&#8221; hover_enabled=&#8221;0&#8243; global_colors_info=&#8221;{}&#8221; open=&#8221;off&#8221; sticky_enabled=&#8221;0&#8243;]Hacemos retratos de todos los empleados de una empresa para comunicaci\u00f3n interna y para que los clientes conozcan las caras de las personas con las que hablan. Vamos a domicilio y damos tips pre retrato as\u00ed se aprovecha a full la jornada y las personas retratadas lo pasan bien.[\/et_pb_accordion_item][et_pb_accordion_item title=&#8221;\u201c\u00a1S\u00f3lo puedo sacarme retratos en horario nocturno!\u201d&#8221; _builder_version=&#8221;4.17.4&#8243; _module_preset=&#8221;default&#8221; hover_enabled=&#8221;0&#8243; global_colors_info=&#8221;{}&#8221; open=&#8221;off&#8221; sticky_enabled=&#8221;0&#8243;]Trabajamos con luz artificial, entonces no importa si en el espacio no hay luz o si el clima no acompa\u00f1a.[\/et_pb_accordion_item][et_pb_accordion_item title=&#8221;\u00bfTengo que reservar con mucha anticipaci\u00f3n?&#8221; _builder_version=&#8221;4.17.4&#8243; _module_preset=&#8221;default&#8221; hover_enabled=&#8221;0&#8243; global_colors_info=&#8221;{}&#8221; open=&#8221;off&#8221; sticky_enabled=&#8221;0&#8243;]Se reserva la fecha y se detallan los servicios contratados unos d\u00edas antes, estableciendo pautas y normas a cumplir por ambas partes. Confiamos en la responsabilidad de nuestros retratados.[\/et_pb_accordion_item][et_pb_accordion_item title=&#8221;\u00bfQu\u00e9 pasa si necesito las fotos con urgencia?&#8221; _builder_version=&#8221;4.17.4&#8243; _module_preset=&#8221;default&#8221; hover_enabled=&#8221;0&#8243; global_colors_info=&#8221;{}&#8221; open=&#8221;off&#8221; sticky_enabled=&#8221;0&#8243;]La entrega de las fotos es de 5 d\u00edas h\u00e1biles. Si las necesit\u00e1s con urgencia ofrecemos un servicio express con un 20% de recargo sobre el precio.[\/et_pb_accordion_item][et_pb_accordion_item title=&#8221;\u00bfQu\u00e9 pasa si tengo que cancelar el retrato o llego tarde?&#8221; _builder_version=&#8221;4.17.4&#8243; _module_preset=&#8221;default&#8221; hover_enabled=&#8221;0&#8243; global_colors_info=&#8221;{}&#8221; open=&#8221;off&#8221; sticky_enabled=&#8221;0&#8243;]Consideramos el tiempo ideal de cancelaci\u00f3n de 48 hrs y si llegan tarde contemplamos 10 minutos de tolerancia. Si sos puntual vas a aprovechar a full el tiempo destinado a tu retrato.[\/et_pb_accordion_item][et_pb_accordion_item title=&#8221;\u00bfRetratan perros y gatos?&#8221; _builder_version=&#8221;4.17.4&#8243; _module_preset=&#8221;default&#8221; hover_enabled=&#8221;0&#8243; global_colors_info=&#8221;{}&#8221; open=&#8221;off&#8221; sticky_enabled=&#8221;0&#8243;]S\u00ed, nos encanta retratar v\u00ednculos interespecie y v\u00ednculos de todo tipo, la opci\u00f3n ser\u00eda #retratovincular. Podemos ir a tu espacio o te recibimos en el estudio.[\/et_pb_accordion_item][et_pb_accordion_item title=&#8221;\u00bfSe pueden regalar retratos?&#8221; _builder_version=&#8221;4.17.4&#8243; _module_preset=&#8221;default&#8221; hover_enabled=&#8221;0&#8243; global_colors_info=&#8221;{}&#8221; open=&#8221;off&#8221; sticky_enabled=&#8221;0&#8243;]Si, contamos con un Vale-Gift Card que pod\u00e9s solicitar para todo tipo de servicio.[\/et_pb_accordion_item][et_pb_accordion_item title=&#8221;\u00bfLas fotos se entregan impresas?&#8221; _builder_version=&#8221;4.17.4&#8243; _module_preset=&#8221;default&#8221; hover_enabled=&#8221;0&#8243; global_colors_info=&#8221;{}&#8221; open=&#8221;off&#8221; sticky_enabled=&#8221;0&#8243;]La entrega de las fotos son en formato digital, pero siempre sugerimos imprimir algunas fotos para el archivo personal y tenemos buenos datos de lugares para imprimir.[\/et_pb_accordion_item][et_pb_accordion_item title=&#8221;\u00bfCu\u00e1l es la resoluci\u00f3n de las fotograf\u00edas?&#8221; _builder_version=&#8221;4.17.4&#8243; _module_preset=&#8221;default&#8221; hover_enabled=&#8221;0&#8243; global_colors_info=&#8221;{}&#8221; open=&#8221;off&#8221; sticky_enabled=&#8221;0&#8243;]<\/p>\n<p>Las fotograf\u00edas te las entregamos en Alta Resoluci\u00f3n en formato JPG 3744 X 5616 en 240 DPI para que las puedas imprimir y tambi\u00e9n Baja Resoluci\u00f3n para utilizarlas \u00e1gilmente en la web.<\/p>\n<p>[\/et_pb_accordion_item][et_pb_accordion_item title=&#8221;\u00bfCu\u00e1les son las pol\u00edticas de privacidad?&#8221; _builder_version=&#8221;4.17.4&#8243; _module_preset=&#8221;default&#8221; hover_enabled=&#8221;0&#8243; global_colors_info=&#8221;{}&#8221; open=&#8221;off&#8221; sticky_enabled=&#8221;0&#8243;]No subimos tus fotos a menos que te interese mostrarlas y presentar tu proyecto laboral. Pensamos nuestro sitio como un espacio para conocer proyectos interesantes que puedan conectar con otras personas que fueron retratadas.[\/et_pb_accordion_item][\/et_pb_accordion][\/et_pb_column][\/et_pb_row][\/et_pb_section]<\/p>\n<span class=\"et_bloom_bottom_trigger\"><\/span>","protected":false},"excerpt":{"rendered":"<p>PreguntasUn retrato profesional es una foto que habla de vos, c\u00f3mo trabaj\u00e1s y c\u00f3mo sos, a trav\u00e9s de tu mirada y gestos. Es una foto con buena definici\u00f3n y luminosidad, con fondo neutro que se destaca del conjunto de fotos en las redes.Actualizar el retrato es parecido a actualizar el relato que tenemos de nosotros [&hellip;]<\/p>\n","protected":false},"author":1,"featured_media":0,"parent":0,"menu_order":0,"comment_status":"closed","ping_status":"closed","template":"","meta":{"nf_dc_page":"","_et_pb_use_builder":"on","_et_pb_old_content":"","_et_gb_content_width":"","inline_featured_image":false,"footnotes":""},"class_list":["post-1507","page","type-page","status-publish","hentry"],"yoast_head":"<!-- This site is optimized with the Yoast SEO plugin v27.4 - https:\/\/yoast.com\/product\/yoast-seo-wordpress\/ -->\n<title>FAQs - Retratos Profesionales<\/title>\n<meta name=\"robots\" content=\"index, follow, max-snippet:-1, max-image-preview:large, max-video-preview:-1\" \/>\n<link rel=\"canonical\" href=\"http:\/\/box2115.temp.domains\/~retrato2\/faqs\/\" \/>\n<meta property=\"og:locale\" content=\"en_US\" \/>\n<meta property=\"og:type\" content=\"article\" \/>\n<meta property=\"og:title\" content=\"FAQs - Retratos Profesionales\" \/>\n<meta property=\"og:description\" content=\"PreguntasUn retrato profesional es una foto que habla de vos, c\u00f3mo trabaj\u00e1s y c\u00f3mo sos, a trav\u00e9s de tu mirada y gestos. Es una foto con buena definici\u00f3n y luminosidad, con fondo neutro que se destaca del conjunto de fotos en las redes.Actualizar el retrato es parecido a actualizar el relato que tenemos de nosotros [&hellip;]\" \/>\n<meta property=\"og:url\" content=\"http:\/\/box2115.temp.domains\/~retrato2\/faqs\/\" \/>\n<meta property=\"og:site_name\" content=\"Retratos Profesionales\" \/>\n<meta property=\"article:publisher\" content=\"https:\/\/www.facebook.com\/RetratosProfesionales\" \/>\n<meta property=\"article:modified_time\" content=\"2022-06-09T17:59:32+00:00\" \/>\n<meta property=\"og:image\" content=\"https:\/\/retratosprofesionales.com.ar\/wp-content\/uploads\/2022\/05\/bg-hero.jpg\" \/>\n\t<meta property=\"og:image:width\" content=\"1920\" \/>\n\t<meta property=\"og:image:height\" content=\"710\" \/>\n\t<meta property=\"og:image:type\" content=\"image\/jpeg\" \/>\n<meta name=\"twitter:card\" content=\"summary_large_image\" \/>\n<meta name=\"twitter:site\" content=\"@RetratosProf\" \/>\n<script type=\"application\/ld+json\" class=\"yoast-schema-graph\">{\"@context\":\"https:\\\/\\\/schema.org\",\"@graph\":[{\"@type\":\"WebPage\",\"@id\":\"http:\\\/\\\/box2115.temp.domains\\\/~retrato2\\\/faqs\\\/\",\"url\":\"http:\\\/\\\/box2115.temp.domains\\\/~retrato2\\\/faqs\\\/\",\"name\":\"FAQs - Retratos Profesionales\",\"isPartOf\":{\"@id\":\"http:\\\/\\\/box2115.temp.domains\\\/~retrato2\\\/#website\"},\"datePublished\":\"2022-05-26T14:32:41+00:00\",\"dateModified\":\"2022-06-09T17:59:32+00:00\",\"breadcrumb\":{\"@id\":\"http:\\\/\\\/box2115.temp.domains\\\/~retrato2\\\/faqs\\\/#breadcrumb\"},\"inLanguage\":\"en-US\",\"potentialAction\":[{\"@type\":\"ReadAction\",\"target\":[\"http:\\\/\\\/box2115.temp.domains\\\/~retrato2\\\/faqs\\\/\"]}]},{\"@type\":\"BreadcrumbList\",\"@id\":\"http:\\\/\\\/box2115.temp.domains\\\/~retrato2\\\/faqs\\\/#breadcrumb\",\"itemListElement\":[{\"@type\":\"ListItem\",\"position\":1,\"name\":\"Home\",\"item\":\"https:\\\/\\\/retratosprofesionales.com.ar\\\/\"},{\"@type\":\"ListItem\",\"position\":2,\"name\":\"FAQs\"}]},{\"@type\":\"WebSite\",\"@id\":\"http:\\\/\\\/box2115.temp.domains\\\/~retrato2\\\/#website\",\"url\":\"http:\\\/\\\/box2115.temp.domains\\\/~retrato2\\\/\",\"name\":\"Retratos Profesionales\",\"description\":\"Amabilidad en el gesto de mirar\",\"publisher\":{\"@id\":\"http:\\\/\\\/box2115.temp.domains\\\/~retrato2\\\/#organization\"},\"potentialAction\":[{\"@type\":\"SearchAction\",\"target\":{\"@type\":\"EntryPoint\",\"urlTemplate\":\"http:\\\/\\\/box2115.temp.domains\\\/~retrato2\\\/?s={search_term_string}\"},\"query-input\":{\"@type\":\"PropertyValueSpecification\",\"valueRequired\":true,\"valueName\":\"search_term_string\"}}],\"inLanguage\":\"en-US\"},{\"@type\":\"Organization\",\"@id\":\"http:\\\/\\\/box2115.temp.domains\\\/~retrato2\\\/#organization\",\"name\":\"Retratos Profesionales\",\"url\":\"http:\\\/\\\/box2115.temp.domains\\\/~retrato2\\\/\",\"logo\":{\"@type\":\"ImageObject\",\"inLanguage\":\"en-US\",\"@id\":\"http:\\\/\\\/box2115.temp.domains\\\/~retrato2\\\/#\\\/schema\\\/logo\\\/image\\\/\",\"url\":\"https:\\\/\\\/retratosprofesionales.com.ar\\\/wp-content\\\/uploads\\\/2022\\\/06\\\/menu-web.gif\",\"contentUrl\":\"https:\\\/\\\/retratosprofesionales.com.ar\\\/wp-content\\\/uploads\\\/2022\\\/06\\\/menu-web.gif\",\"width\":1080,\"height\":720,\"caption\":\"Retratos Profesionales\"},\"image\":{\"@id\":\"http:\\\/\\\/box2115.temp.domains\\\/~retrato2\\\/#\\\/schema\\\/logo\\\/image\\\/\"},\"sameAs\":[\"https:\\\/\\\/www.facebook.com\\\/RetratosProfesionales\",\"https:\\\/\\\/x.com\\\/RetratosProf\",\"https:\\\/\\\/www.linkedin.com\\\/in\\\/catalina-bartolome-b5647019\\\/\",\"https:\\\/\\\/www.instagram.com\\\/retratos.profesionales\\\/\"]}]}<\/script>\n<!-- \/ Yoast SEO plugin. -->","yoast_head_json":{"title":"FAQs - Retratos Profesionales","robots":{"index":"index","follow":"follow","max-snippet":"max-snippet:-1","max-image-preview":"max-image-preview:large","max-video-preview":"max-video-preview:-1"},"canonical":"http:\/\/box2115.temp.domains\/~retrato2\/faqs\/","og_locale":"en_US","og_type":"article","og_title":"FAQs - Retratos Profesionales","og_description":"PreguntasUn retrato profesional es una foto que habla de vos, c\u00f3mo trabaj\u00e1s y c\u00f3mo sos, a trav\u00e9s de tu mirada y gestos. Es una foto con buena definici\u00f3n y luminosidad, con fondo neutro que se destaca del conjunto de fotos en las redes.Actualizar el retrato es parecido a actualizar el relato que tenemos de nosotros [&hellip;]","og_url":"http:\/\/box2115.temp.domains\/~retrato2\/faqs\/","og_site_name":"Retratos Profesionales","article_publisher":"https:\/\/www.facebook.com\/RetratosProfesionales","article_modified_time":"2022-06-09T17:59:32+00:00","og_image":[{"width":1920,"height":710,"url":"https:\/\/retratosprofesionales.com.ar\/wp-content\/uploads\/2022\/05\/bg-hero.jpg","type":"image\/jpeg"}],"twitter_card":"summary_large_image","twitter_site":"@RetratosProf","schema":{"@context":"https:\/\/schema.org","@graph":[{"@type":"WebPage","@id":"http:\/\/box2115.temp.domains\/~retrato2\/faqs\/","url":"http:\/\/box2115.temp.domains\/~retrato2\/faqs\/","name":"FAQs - Retratos Profesionales","isPartOf":{"@id":"http:\/\/box2115.temp.domains\/~retrato2\/#website"},"datePublished":"2022-05-26T14:32:41+00:00","dateModified":"2022-06-09T17:59:32+00:00","breadcrumb":{"@id":"http:\/\/box2115.temp.domains\/~retrato2\/faqs\/#breadcrumb"},"inLanguage":"en-US","potentialAction":[{"@type":"ReadAction","target":["http:\/\/box2115.temp.domains\/~retrato2\/faqs\/"]}]},{"@type":"BreadcrumbList","@id":"http:\/\/box2115.temp.domains\/~retrato2\/faqs\/#breadcrumb","itemListElement":[{"@type":"ListItem","position":1,"name":"Home","item":"https:\/\/retratosprofesionales.com.ar\/"},{"@type":"ListItem","position":2,"name":"FAQs"}]},{"@type":"WebSite","@id":"http:\/\/box2115.temp.domains\/~retrato2\/#website","url":"http:\/\/box2115.temp.domains\/~retrato2\/","name":"Retratos Profesionales","description":"Kindness in the gesture of looking","publisher":{"@id":"http:\/\/box2115.temp.domains\/~retrato2\/#organization"},"potentialAction":[{"@type":"SearchAction","target":{"@type":"EntryPoint","urlTemplate":"http:\/\/box2115.temp.domains\/~retrato2\/?s={search_term_string}"},"query-input":{"@type":"PropertyValueSpecification","valueRequired":true,"valueName":"search_term_string"}}],"inLanguage":"en-US"},{"@type":"Organization","@id":"http:\/\/box2115.temp.domains\/~retrato2\/#organization","name":"Retratos Profesionales","url":"http:\/\/box2115.temp.domains\/~retrato2\/","logo":{"@type":"ImageObject","inLanguage":"en-US","@id":"http:\/\/box2115.temp.domains\/~retrato2\/#\/schema\/logo\/image\/","url":"https:\/\/retratosprofesionales.com.ar\/wp-content\/uploads\/2022\/06\/menu-web.gif","contentUrl":"https:\/\/retratosprofesionales.com.ar\/wp-content\/uploads\/2022\/06\/menu-web.gif","width":1080,"height":720,"caption":"Retratos Profesionales"},"image":{"@id":"http:\/\/box2115.temp.domains\/~retrato2\/#\/schema\/logo\/image\/"},"sameAs":["https:\/\/www.facebook.com\/RetratosProfesionales","https:\/\/x.com\/RetratosProf","https:\/\/www.linkedin.com\/in\/catalina-bartolome-b5647019\/","https:\/\/www.instagram.com\/retratos.profesionales\/"]}]}},"_links":{"self":[{"href":"https:\/\/retratosprofesionales.com.ar\/en\/wp-json\/wp\/v2\/pages\/1507","targetHints":{"allow":["GET"]}}],"collection":[{"href":"https:\/\/retratosprofesionales.com.ar\/en\/wp-json\/wp\/v2\/pages"}],"about":[{"href":"https:\/\/retratosprofesionales.com.ar\/en\/wp-json\/wp\/v2\/types\/page"}],"author":[{"embeddable":true,"href":"https:\/\/retratosprofesionales.com.ar\/en\/wp-json\/wp\/v2\/users\/1"}],"replies":[{"embeddable":true,"href":"https:\/\/retratosprofesionales.com.ar\/en\/wp-json\/wp\/v2\/comments?post=1507"}],"version-history":[{"count":4,"href":"https:\/\/retratosprofesionales.com.ar\/en\/wp-json\/wp\/v2\/pages\/1507\/revisions"}],"predecessor-version":[{"id":2396,"href":"https:\/\/retratosprofesionales.com.ar\/en\/wp-json\/wp\/v2\/pages\/1507\/revisions\/2396"}],"wp:attachment":[{"href":"https:\/\/retratosprofesionales.com.ar\/en\/wp-json\/wp\/v2\/media?parent=1507"}],"curies":[{"name":"wp","href":"https:\/\/api.w.org\/{rel}","templated":true}]}}